{"id":202,"date":"2017-04-08T13:38:10","date_gmt":"2017-04-08T11:38:10","guid":{"rendered":"https:\/\/abergel-associes.com\/?page_id=202"},"modified":"2025-09-02T11:45:36","modified_gmt":"2025-09-02T09:45:36","slug":"legal-notice","status":"publish","type":"page","link":"https:\/\/abergel-associes.com\/en\/legal-notice\/","title":{"rendered":"Legal Notice"},"content":{"rendered":"<h2><span id=\"Mentions_legales_du_site_internet\">Legal Notice of the website<\/span><\/h2>\n<h3><span id=\"Confidentialite\">Confidentiality<\/span><\/h3>\n<p>The information collected from the\u00a0<a title=\"\" href=\"https:\/\/abergel-associes.com\/contact\/\" class=\"local-link\">contact form<\/a>\u00a0are used only to answer user questions.<\/p>\n<p>Browsing this site may cause cookies to be installed on the user&#8217;s computer. A cookie is a small file, that does not allow the user to be identified but that records information about browsing a site. The data thus obtained are intended to facilitate subsequent navigation on the site, and are also intended to permit measurements of attendance. The user can configure his computer to refuse the installation of cookies. However, the refusal to install a cookie may lead to the impossibility of accessing certain services.<\/p>\n<p>The person in charge of the site undertakes to respect the legal conditions of confidentiality applicable in France and not to disclose any personal information, free of charge or onerous, to third persons or legal entities.<br \/>\nThis site uses Google Analytics to analyze the site&#8217;s audience and improve its content. For more information about Google Analytics privacy policy.<\/p>\n<h4>Management of visits to the website<\/h4>\n<p>The website uses several tools for visit statistics, Google Analytics and Piwik.<\/p>\n<h4><span id=\"Publicite\">Publicity<\/span><\/h4>\n<p>This site does not accept advertising.<\/p>\n<h5>Learn more about the statistics and tracking tools on this website<\/h5>\n<p>Google Analytics &#8211; <a class=\"ext-link ext-link\" title=\"Plus d'information sur Google Analytics\" href=\"http:\/\/r.1am.fr\/ab305\" target=\"_blank\" rel=\"nofollow external nofollow\" onclick=\"this.target=&#039;_blank&#039;;\">www.google.com\/analytics\/<\/a><br \/>\n<a class=\"ext-link ext-link\" title=\"Piwik (Conforme \u00e0 la l\u00e9gislation Fran\u00e7aise) - www.piwik.org\" href=\"http:\/\/r.1am.fr\/2sp3t\" target=\"_blank\" rel=\"nofollow external nofollow\" onclick=\"this.target=&#039;_blank&#039;;\">Piwik (Conforme \u00e0 la l\u00e9gislation Fran\u00e7aise)<\/a> &#8211; www.piwik.org<\/p>\n<h6>Webmaster &#8211; Hosting &#8211; SEO<\/h6>\n<h6>Alouit-Multimedia<\/h6>\n","protected":false},"excerpt":{"rendered":"<p>Legal Notice of the website Confidentiality The information collected from the\u00a0contact form\u00a0are used only to answer user questions. Browsing this site may cause cookies to be installed on the user&#8217;s computer. A cookie is a small file, that does not allow the user to be identified but that records information about browsing a site. The [&hellip;]<\/p>\n","protected":false},"author":2,"featured_media":0,"parent":0,"menu_order":0,"comment_status":"closed","ping_status":"closed","template":"","meta":{"_et_pb_use_builder":"","_et_pb_old_content":"","_et_gb_content_width":"","_locale":"en_US","_original_post":"191","footnotes":""},"class_list":["post-202","page","type-page","status-publish","hentry","en-US"],"yoast_head":"<!-- This site is optimized with the Yoast SEO plugin v27.5 - https:\/\/yoast.com\/product\/yoast-seo-wordpress\/ -->\n<title>Legal Notice<\/title>\n<meta name=\"robots\" content=\"index, follow, max-snippet:-1, max-image-preview:large, max-video-preview:-1\" \/>\n<link rel=\"canonical\" href=\"https:\/\/abergel-associes.com\/en\/legal-notice\/\" \/>\n<meta name=\"twitter:card\" content=\"summary_large_image\" \/>\n<meta name=\"twitter:title\" content=\"Legal Notice\" \/>\n<meta name=\"twitter:description\" content=\"Legal Notice of the website Confidentiality The information collected from the\u00a0contact form\u00a0are used only to answer user questions. Browsing this site may cause cookies to be installed on the user&#8217;s computer. A cookie is a small file, that does not allow the user to be identified but that records information about browsing a site. The [&hellip;]\" \/>\n<meta name=\"twitter:label1\" content=\"Est. reading time\" \/>\n\t<meta name=\"twitter:data1\" content=\"1 minute\" \/>\n<script type=\"application\/ld+json\" class=\"yoast-schema-graph\">{\"@context\":\"https:\\\/\\\/schema.org\",\"@graph\":[{\"@type\":\"WebPage\",\"@id\":\"https:\\\/\\\/abergel-associes.com\\\/en\\\/legal-notice\\\/\",\"url\":\"https:\\\/\\\/abergel-associes.com\\\/en\\\/legal-notice\\\/\",\"name\":\"Legal Notice\",\"isPartOf\":{\"@id\":\"https:\\\/\\\/abergel-associes.com\\\/#website\"},\"datePublished\":\"2017-04-08T11:38:10+00:00\",\"dateModified\":\"2025-09-02T09:45:36+00:00\",\"breadcrumb\":{\"@id\":\"https:\\\/\\\/abergel-associes.com\\\/en\\\/legal-notice\\\/#breadcrumb\"},\"inLanguage\":\"en-US\",\"potentialAction\":[{\"@type\":\"ReadAction\",\"target\":[\"https:\\\/\\\/abergel-associes.com\\\/en\\\/legal-notice\\\/\"]}]},{\"@type\":\"BreadcrumbList\",\"@id\":\"https:\\\/\\\/abergel-associes.com\\\/en\\\/legal-notice\\\/#breadcrumb\",\"itemListElement\":[{\"@type\":\"ListItem\",\"position\":1,\"name\":\"Accueil\",\"item\":\"https:\\\/\\\/abergel-associes.com\\\/en\\\/\"},{\"@type\":\"ListItem\",\"position\":2,\"name\":\"Legal Notice\"}]},{\"@type\":\"WebSite\",\"@id\":\"https:\\\/\\\/abergel-associes.com\\\/#website\",\"url\":\"https:\\\/\\\/abergel-associes.com\\\/\",\"name\":\"Alain Abergel &amp; Associ\u00e9s\",\"description\":\"Cabinet d&#039;experts judiciaire\",\"publisher\":{\"@id\":\"https:\\\/\\\/abergel-associes.com\\\/#organization\"},\"potentialAction\":[{\"@type\":\"SearchAction\",\"target\":{\"@type\":\"EntryPoint\",\"urlTemplate\":\"https:\\\/\\\/abergel-associes.com\\\/?s={search_term_string}\"},\"query-input\":{\"@type\":\"PropertyValueSpecification\",\"valueRequired\":true,\"valueName\":\"search_term_string\"}}],\"inLanguage\":\"en-US\"},{\"@type\":\"Organization\",\"@id\":\"https:\\\/\\\/abergel-associes.com\\\/#organization\",\"name\":\"Cabinet Abergel & Associ\u00e9s\",\"url\":\"https:\\\/\\\/abergel-associes.com\\\/\",\"logo\":{\"@type\":\"ImageObject\",\"inLanguage\":\"en-US\",\"@id\":\"https:\\\/\\\/abergel-associes.com\\\/#\\\/schema\\\/logo\\\/image\\\/\",\"url\":\"https:\\\/\\\/abergel-associes.com\\\/wp-content\\\/uploads\\\/2017\\\/01\\\/Logo-AA-10.png\",\"contentUrl\":\"https:\\\/\\\/abergel-associes.com\\\/wp-content\\\/uploads\\\/2017\\\/01\\\/Logo-AA-10.png\",\"width\":283,\"height\":85,\"caption\":\"Cabinet Abergel & Associ\u00e9s\"},\"image\":{\"@id\":\"https:\\\/\\\/abergel-associes.com\\\/#\\\/schema\\\/logo\\\/image\\\/\"}}]}<\/script>\n<!-- \/ Yoast SEO plugin. -->","yoast_head_json":{"title":"Legal Notice","robots":{"index":"index","follow":"follow","max-snippet":"max-snippet:-1","max-image-preview":"max-image-preview:large","max-video-preview":"max-video-preview:-1"},"canonical":"https:\/\/abergel-associes.com\/en\/legal-notice\/","twitter_card":"summary_large_image","twitter_title":"Legal Notice","twitter_description":"Legal Notice of the website Confidentiality The information collected from the\u00a0contact form\u00a0are used only to answer user questions. Browsing this site may cause cookies to be installed on the user&#8217;s computer. A cookie is a small file, that does not allow the user to be identified but that records information about browsing a site. The [&hellip;]","twitter_misc":{"Est. reading time":"1 minute"},"schema":{"@context":"https:\/\/schema.org","@graph":[{"@type":"WebPage","@id":"https:\/\/abergel-associes.com\/en\/legal-notice\/","url":"https:\/\/abergel-associes.com\/en\/legal-notice\/","name":"Legal Notice","isPartOf":{"@id":"https:\/\/abergel-associes.com\/#website"},"datePublished":"2017-04-08T11:38:10+00:00","dateModified":"2025-09-02T09:45:36+00:00","breadcrumb":{"@id":"https:\/\/abergel-associes.com\/en\/legal-notice\/#breadcrumb"},"inLanguage":"en-US","potentialAction":[{"@type":"ReadAction","target":["https:\/\/abergel-associes.com\/en\/legal-notice\/"]}]},{"@type":"BreadcrumbList","@id":"https:\/\/abergel-associes.com\/en\/legal-notice\/#breadcrumb","itemListElement":[{"@type":"ListItem","position":1,"name":"Accueil","item":"https:\/\/abergel-associes.com\/en\/"},{"@type":"ListItem","position":2,"name":"Legal Notice"}]},{"@type":"WebSite","@id":"https:\/\/abergel-associes.com\/#website","url":"https:\/\/abergel-associes.com\/","name":"Alain Abergel &amp; Associ\u00e9s","description":"Cabinet d&#039;experts judiciaire","publisher":{"@id":"https:\/\/abergel-associes.com\/#organization"},"potentialAction":[{"@type":"SearchAction","target":{"@type":"EntryPoint","urlTemplate":"https:\/\/abergel-associes.com\/?s={search_term_string}"},"query-input":{"@type":"PropertyValueSpecification","valueRequired":true,"valueName":"search_term_string"}}],"inLanguage":"en-US"},{"@type":"Organization","@id":"https:\/\/abergel-associes.com\/#organization","name":"Cabinet Abergel & Associ\u00e9s","url":"https:\/\/abergel-associes.com\/","logo":{"@type":"ImageObject","inLanguage":"en-US","@id":"https:\/\/abergel-associes.com\/#\/schema\/logo\/image\/","url":"https:\/\/abergel-associes.com\/wp-content\/uploads\/2017\/01\/Logo-AA-10.png","contentUrl":"https:\/\/abergel-associes.com\/wp-content\/uploads\/2017\/01\/Logo-AA-10.png","width":283,"height":85,"caption":"Cabinet Abergel & Associ\u00e9s"},"image":{"@id":"https:\/\/abergel-associes.com\/#\/schema\/logo\/image\/"}}]}},"_links":{"self":[{"href":"https:\/\/abergel-associes.com\/wp-json\/wp\/v2\/pages\/202","targetHints":{"allow":["GET"]}}],"collection":[{"href":"https:\/\/abergel-associes.com\/wp-json\/wp\/v2\/pages"}],"about":[{"href":"https:\/\/abergel-associes.com\/wp-json\/wp\/v2\/types\/page"}],"author":[{"embeddable":true,"href":"https:\/\/abergel-associes.com\/wp-json\/wp\/v2\/users\/2"}],"replies":[{"embeddable":true,"href":"https:\/\/abergel-associes.com\/wp-json\/wp\/v2\/comments?post=202"}],"version-history":[{"count":1,"href":"https:\/\/abergel-associes.com\/wp-json\/wp\/v2\/pages\/202\/revisions"}],"predecessor-version":[{"id":896,"href":"https:\/\/abergel-associes.com\/wp-json\/wp\/v2\/pages\/202\/revisions\/896"}],"wp:attachment":[{"href":"https:\/\/abergel-associes.com\/wp-json\/wp\/v2\/media?parent=202"}],"curies":[{"name":"wp","href":"https:\/\/api.w.org\/{rel}","templated":true}]}}